{"id":67,"date":"2024-09-24T12:18:54","date_gmt":"2024-09-24T12:18:54","guid":{"rendered":"https:\/\/www.klarabuchtova.cz\/?page_id=67"},"modified":"2024-09-24T12:18:54","modified_gmt":"2024-09-24T12:18:54","slug":"profesni-draha","status":"publish","type":"page","link":"https:\/\/www.klarabuchtova.cz\/?page_id=67","title":{"rendered":"Profesn\u00ed dr\u00e1ha"},"content":{"rendered":"\n<p>Ve Frankfurtu nad Mohanem ji\u017e 12 let pracuji pro Frankfurter Institut f\u00fcr Erziehungshilfen und Familienbegleitung e. V. jako rodinn\u00e1 poradkyn\u011b, lektorka dialogick\u00e9ho p\u0159\u00edstupu ve vzd\u011bl\u00e1v\u00e1n\u00ed a koordin\u00e1torka projektu ke zvy\u0161ov\u00e1n\u00ed soci\u00e1ln\u00edch kompetenc\u00ed d\u011bt\u00ed ve \u0161kole.<\/p>\n\n\n\n<p>V letech 2007-2010 jsem pracovala jako divadeln\u00ed pedago\u017eka a koordin\u00e1torka projektu Unart v Schauspiel Frankfurt (M\u011bstsk\u00e9 divadlo Frankfurt).<\/p>\n\n\n\n<p>Od roku 2001 vedu ve \u0161kol\u00e1ch a \u0161kolk\u00e1ch ve Frankfurtu nad Mohanem projekty pro d\u011bti a ml\u00e1de\u017e se zam\u011b\u0159en\u00edm na divadeln\u00ed a filmovou tvorbu.<\/p>\n","protected":false},"excerpt":{"rendered":"<p>Ve Frankfurtu nad Mohanem ji\u017e 12 let pracuji pro Frankfurter Institut f\u00fcr Erziehungshilfen und Familienbegleitung e. V. jako rodinn\u00e1 poradkyn\u011b, lektorka dialogick\u00e9ho p\u0159\u00edstupu ve vzd\u011bl\u00e1v\u00e1n\u00ed a koordin\u00e1torka projektu ke zvy\u0161ov\u00e1n\u00ed soci\u00e1ln\u00edch kompetenc\u00ed d\u011bt\u00ed ve \u0161kole. V letech 2007-2010 jsem pracovala jako divadeln\u00ed pedago\u017eka a koordin\u00e1torka projektu Unart v Schauspiel Frankfurt (M\u011bstsk\u00e9 divadlo Frankfurt). Od roku &hellip; <\/p>\n<p class=\"link-more\"><a href=\"https:\/\/www.klarabuchtova.cz\/?page_id=67\" class=\"more-link\">Pokra\u010dovat ve \u010dten\u00ed<span class=\"screen-reader-text\"> &#8222;Profesn\u00ed dr\u00e1ha&#8220;<\/span><\/a><\/p>\n","protected":false},"author":2,"featured_media":0,"parent":0,"menu_order":0,"comment_status":"closed","ping_status":"closed","template":"","meta":{"footnotes":""},"class_list":["post-67","page","type-page","status-publish","hentry"],"_links":{"self":[{"href":"https:\/\/www.klarabuchtova.cz\/index.php?rest_route=\/wp\/v2\/pages\/67","targetHints":{"allow":["GET"]}}],"collection":[{"href":"https:\/\/www.klarabuchtova.cz\/index.php?rest_route=\/wp\/v2\/pages"}],"about":[{"href":"https:\/\/www.klarabuchtova.cz\/index.php?rest_route=\/wp\/v2\/types\/page"}],"author":[{"embeddable":true,"href":"https:\/\/www.klarabuchtova.cz\/index.php?rest_route=\/wp\/v2\/users\/2"}],"replies":[{"embeddable":true,"href":"https:\/\/www.klarabuchtova.cz\/index.php?rest_route=%2Fwp%2Fv2%2Fcomments&post=67"}],"version-history":[{"count":1,"href":"https:\/\/www.klarabuchtova.cz\/index.php?rest_route=\/wp\/v2\/pages\/67\/revisions"}],"predecessor-version":[{"id":68,"href":"https:\/\/www.klarabuchtova.cz\/index.php?rest_route=\/wp\/v2\/pages\/67\/revisions\/68"}],"wp:attachment":[{"href":"https:\/\/www.klarabuchtova.cz\/index.php?rest_route=%2Fwp%2Fv2%2Fmedia&parent=67"}],"curies":[{"name":"wp","href":"https:\/\/api.w.org\/{rel}","templated":true}]}}