{"id":45,"date":"2022-06-20T14:30:16","date_gmt":"2022-06-20T14:30:16","guid":{"rendered":"https:\/\/www.klarabuchtova.cz\/?page_id=45"},"modified":"2024-09-24T12:24:13","modified_gmt":"2024-09-24T12:24:13","slug":"cenik","status":"publish","type":"page","link":"https:\/\/www.klarabuchtova.cz\/?page_id=45","title":{"rendered":"Cen\u00edk"},"content":{"rendered":"\n<p>Ceny jednotliv\u00fdch konzultac\u00ed (60 minut) zohled\u0148uj\u00ed rozd\u00edln\u00e9 finan\u010dn\u00ed mo\u017enosti rodin.<\/p>\n\n\n\n<p>Cena sn\u00ed\u017een\u00e1 :   900 K\u010d (pro studuj\u00edc\u00ed, rodi\u010de samo\u017eivitele, rodi\u010de v obt\u00ed\u017en\u00e9 situaci)<\/p>\n\n\n\n<p>Cena b\u011b\u017en\u00e1:       1200 K\u010d<\/p>\n\n\n\n<p>Cena sponzoruj\u00edc\u00ed: 1500 K\u010d<\/p>\n\n\n\n<p>Zva\u017ete pros\u00edm sami, jak\u00e9 jsou Va\u0161e moment\u00e1ln\u00ed finan\u010dn\u00ed mo\u017enosti a rozhodn\u011bte se pro jednu z variant. Zvolen\u00edm ceny sponzoruj\u00edc\u00ed umo\u017en\u00edte \u010derpat m\u00e9 slu\u017eby rodin\u00e1m, kter\u00e9 jsou moment\u00e1ln\u011b ve finan\u010dn\u011b vypjat\u00e9 situaci.<\/p>\n\n\n\n<p>P\u0159i prvn\u00edm kontaktu mi pros\u00edm zanechte Va\u0161e telefonn\u00ed \u010d\u00edslo a \u010das, kdy jste nejl\u00e9pe k zasti\u017een\u00ed. Ozvu se V\u00e1m nejpozd\u011bji do 24 hodin po obdr\u017een\u00ed Va\u0161\u00ed zpr\u00e1vy. V&nbsp;p\u0159\u00edpad\u011b, \u017ee si p\u0159ejete b\u00fdt nejprve kontaktov\u00e1n(a) jen p\u00edsemn\u011b, lze prvn\u00ed kroky u\u010dinit i touto formou.<\/p>\n","protected":false},"excerpt":{"rendered":"<p>Ceny jednotliv\u00fdch konzultac\u00ed (60 minut) zohled\u0148uj\u00ed rozd\u00edln\u00e9 finan\u010dn\u00ed mo\u017enosti rodin. Cena sn\u00ed\u017een\u00e1 : 900 K\u010d (pro studuj\u00edc\u00ed, rodi\u010de samo\u017eivitele, rodi\u010de v obt\u00ed\u017en\u00e9 situaci) Cena b\u011b\u017en\u00e1: 1200 K\u010d Cena sponzoruj\u00edc\u00ed: 1500 K\u010d Zva\u017ete pros\u00edm sami, jak\u00e9 jsou Va\u0161e moment\u00e1ln\u00ed finan\u010dn\u00ed mo\u017enosti a rozhodn\u011bte se pro jednu z variant. Zvolen\u00edm ceny sponzoruj\u00edc\u00ed umo\u017en\u00edte \u010derpat m\u00e9 slu\u017eby rodin\u00e1m, &hellip; <\/p>\n<p class=\"link-more\"><a href=\"https:\/\/www.klarabuchtova.cz\/?page_id=45\" class=\"more-link\">Pokra\u010dovat ve \u010dten\u00ed<span class=\"screen-reader-text\"> &#8222;Cen\u00edk&#8220;<\/span><\/a><\/p>\n","protected":false},"author":1,"featured_media":0,"parent":0,"menu_order":0,"comment_status":"closed","ping_status":"closed","template":"","meta":{"footnotes":""},"class_list":["post-45","page","type-page","status-publish","hentry"],"_links":{"self":[{"href":"https:\/\/www.klarabuchtova.cz\/index.php?rest_route=\/wp\/v2\/pages\/45","targetHints":{"allow":["GET"]}}],"collection":[{"href":"https:\/\/www.klarabuchtova.cz\/index.php?rest_route=\/wp\/v2\/pages"}],"about":[{"href":"https:\/\/www.klarabuchtova.cz\/index.php?rest_route=\/wp\/v2\/types\/page"}],"author":[{"embeddable":true,"href":"https:\/\/www.klarabuchtova.cz\/index.php?rest_route=\/wp\/v2\/users\/1"}],"replies":[{"embeddable":true,"href":"https:\/\/www.klarabuchtova.cz\/index.php?rest_route=%2Fwp%2Fv2%2Fcomments&post=45"}],"version-history":[{"count":3,"href":"https:\/\/www.klarabuchtova.cz\/index.php?rest_route=\/wp\/v2\/pages\/45\/revisions"}],"predecessor-version":[{"id":72,"href":"https:\/\/www.klarabuchtova.cz\/index.php?rest_route=\/wp\/v2\/pages\/45\/revisions\/72"}],"wp:attachment":[{"href":"https:\/\/www.klarabuchtova.cz\/index.php?rest_route=%2Fwp%2Fv2%2Fmedia&parent=45"}],"curies":[{"name":"wp","href":"https:\/\/api.w.org\/{rel}","templated":true}]}}